{"id":30,"date":"2022-12-07T18:23:23","date_gmt":"2022-12-07T18:23:23","guid":{"rendered":"http:\/\/laondaradio.es\/canalnoticies\/?page_id=30"},"modified":"2024-06-30T18:37:49","modified_gmt":"2024-06-30T16:37:49","slug":"taller-de-radio","status":"publish","type":"page","link":"https:\/\/laondaradio.es\/canalnoticies\/taller-de-radio\/","title":{"rendered":"Taller de radio"},"content":{"rendered":"\n<p>-Somos tu radio online. Pide aqui tu m\u00fasica en directo. Pon sinton\u00eda a tu vida.<\/p>\n\n\n\n<a href=\"http:\/\/servertaller.sytes.net\/public\/taller_de_radio\">-Pide aqui tu m\u00fasica en directo<\/a><br>\n<a href=\"https:\/\/laondaradio.es\/minube\/index.php\/s\/llPGJc9iMOdqQNY\">-Descarga nuestra aplicaci\u00f3n para android<\/a>\n\n\n\n<iframe loading=\"lazy\" src=\"\/\/www.zeno.fm\/player\/tallerderadio\" width=\"100%\" height=\"220\" frameborder=\"0\" scrolling=\"no\"><\/iframe>\n\n\n\n<a href=\"http:\/\/servertaller.sytes.net:8010\/radio.mp3\">-Escolta \u00abAgenda de Eventos\u00bb divendres 22:00<\/a>\n\n\n\n<iframe loading=\"lazy\" src=\"\/\/radiojoven.ddns.net\/public\/radio_joven\" width=\"100%\" height=\"420\"><\/iframe>\n<a href=\"https:\/\/laondaradio.es\/minube\/index.php\/s\/llPGJc9iMOdqQNY\">-Descarga nuestra aplicaci\u00f3n para android<\/a>\n","protected":false},"excerpt":{"rendered":"<p>-Somos tu radio online. Pide aqui tu m\u00fasica en directo. Pon sinton\u00eda a tu vida. -Pide aqui tu m\u00fasica en directo -Descarga nuestra aplicaci\u00f3n para android -Escolta \u00abAgenda de Eventos\u00bb divendres 22:00 -Descarga nuestra aplicaci\u00f3n para android<\/p>\n","protected":false},"author":1,"featured_media":0,"parent":0,"menu_order":0,"comment_status":"closed","ping_status":"closed","template":"","meta":{"jetpack_post_was_ever_published":false,"footnotes":""},"class_list":["post-30","page","type-page","status-publish","hentry"],"yoast_head":"<!-- This site is optimized with the Yoast SEO plugin v27.3 - https:\/\/yoast.com\/product\/yoast-seo-wordpress\/ -->\n<title>Taller de radio - Taller de Radio<\/title>\n<meta name=\"description\" content=\"Talleres de radio para grupos, tres canales en streaming, automatizaci\u00f3n de emisiones, publicidad en radio, noticias locales y tus peticiones musicales\" \/>\n<meta name=\"robots\" content=\"index, follow, max-snippet:-1, max-image-preview:large, max-video-preview:-1\" \/>\n<link rel=\"canonical\" href=\"https:\/\/laondaradio.es\/canalnoticies\/taller-de-radio\/\" \/>\n<meta property=\"og:locale\" content=\"es_ES\" \/>\n<meta property=\"og:type\" content=\"article\" \/>\n<meta property=\"og:title\" content=\"Taller de radio - Taller de Radio\" \/>\n<meta property=\"og:description\" content=\"Talleres de radio para grupos, tres canales en streaming, automatizaci\u00f3n de emisiones, publicidad en radio, noticias locales y tus peticiones musicales\" \/>\n<meta property=\"og:url\" content=\"https:\/\/laondaradio.es\/canalnoticies\/taller-de-radio\/\" \/>\n<meta property=\"og:site_name\" content=\"Taller de Radio\" \/>\n<meta property=\"article:publisher\" content=\"https:\/\/www.facebook.com\/Tallerderadio\/\" \/>\n<meta property=\"article:modified_time\" content=\"2024-06-30T16:37:49+00:00\" \/>\n<meta name=\"twitter:card\" content=\"summary_large_image\" \/>\n<meta name=\"twitter:site\" content=\"@tallerderadio\" \/>\n<meta name=\"twitter:label1\" content=\"Tiempo de lectura\" \/>\n\t<meta name=\"twitter:data1\" content=\"1 minuto\" \/>\n<script type=\"application\/ld+json\" class=\"yoast-schema-graph\">{\"@context\":\"https:\\\/\\\/schema.org\",\"@graph\":[{\"@type\":\"WebPage\",\"@id\":\"https:\\\/\\\/laondaradio.es\\\/canalnoticies\\\/taller-de-radio\\\/\",\"url\":\"https:\\\/\\\/laondaradio.es\\\/canalnoticies\\\/taller-de-radio\\\/\",\"name\":\"Taller de radio - Taller de Radio\",\"isPartOf\":{\"@id\":\"https:\\\/\\\/laondaradio.es\\\/canalnoticies\\\/#website\"},\"datePublished\":\"2022-12-07T18:23:23+00:00\",\"dateModified\":\"2024-06-30T16:37:49+00:00\",\"description\":\"Talleres de radio para grupos, tres canales en streaming, automatizaci\u00f3n de emisiones, publicidad en radio, noticias locales y tus peticiones musicales\",\"breadcrumb\":{\"@id\":\"https:\\\/\\\/laondaradio.es\\\/canalnoticies\\\/taller-de-radio\\\/#breadcrumb\"},\"inLanguage\":\"es\",\"potentialAction\":[{\"@type\":\"ReadAction\",\"target\":[\"https:\\\/\\\/laondaradio.es\\\/canalnoticies\\\/taller-de-radio\\\/\"]}]},{\"@type\":\"BreadcrumbList\",\"@id\":\"https:\\\/\\\/laondaradio.es\\\/canalnoticies\\\/taller-de-radio\\\/#breadcrumb\",\"itemListElement\":[{\"@type\":\"ListItem\",\"position\":1,\"name\":\"Portada\",\"item\":\"https:\\\/\\\/laondaradio.es\\\/canalnoticies\\\/\"},{\"@type\":\"ListItem\",\"position\":2,\"name\":\"Taller de radio\"}]},{\"@type\":\"WebSite\",\"@id\":\"https:\\\/\\\/laondaradio.es\\\/canalnoticies\\\/#website\",\"url\":\"https:\\\/\\\/laondaradio.es\\\/canalnoticies\\\/\",\"name\":\"Taller de Radio\",\"description\":\"M\u00fasica, noticias y tu participaci\u00f3n\",\"publisher\":{\"@id\":\"https:\\\/\\\/laondaradio.es\\\/canalnoticies\\\/#organization\"},\"potentialAction\":[{\"@type\":\"SearchAction\",\"target\":{\"@type\":\"EntryPoint\",\"urlTemplate\":\"https:\\\/\\\/laondaradio.es\\\/canalnoticies\\\/?s={search_term_string}\"},\"query-input\":{\"@type\":\"PropertyValueSpecification\",\"valueRequired\":true,\"valueName\":\"search_term_string\"}}],\"inLanguage\":\"es\"},{\"@type\":\"Organization\",\"@id\":\"https:\\\/\\\/laondaradio.es\\\/canalnoticies\\\/#organization\",\"name\":\"Taller de radio\",\"url\":\"https:\\\/\\\/laondaradio.es\\\/canalnoticies\\\/\",\"logo\":{\"@type\":\"ImageObject\",\"inLanguage\":\"es\",\"@id\":\"https:\\\/\\\/laondaradio.es\\\/canalnoticies\\\/#\\\/schema\\\/logo\\\/image\\\/\",\"url\":\"https:\\\/\\\/laondaradio.es\\\/canalnoticies\\\/wp-content\\\/uploads\\\/2023\\\/03\\\/logoTallerDeRadio.jpg\",\"contentUrl\":\"https:\\\/\\\/laondaradio.es\\\/canalnoticies\\\/wp-content\\\/uploads\\\/2023\\\/03\\\/logoTallerDeRadio.jpg\",\"width\":400,\"height\":400,\"caption\":\"Taller de radio\"},\"image\":{\"@id\":\"https:\\\/\\\/laondaradio.es\\\/canalnoticies\\\/#\\\/schema\\\/logo\\\/image\\\/\"},\"sameAs\":[\"https:\\\/\\\/www.facebook.com\\\/Tallerderadio\\\/\",\"https:\\\/\\\/x.com\\\/tallerderadio\",\"https:\\\/\\\/www.instagram.com\\\/javierlaonda2\\\/\",\"https:\\\/\\\/www.youtube.com\\\/channel\\\/UCZjliqFj7QUxWM1kWynLJrA\"]}]}<\/script>\n<!-- \/ Yoast SEO plugin. -->","yoast_head_json":{"title":"Taller de radio - Taller de Radio","description":"Talleres de radio para grupos, tres canales en streaming, automatizaci\u00f3n de emisiones, publicidad en radio, noticias locales y tus peticiones musicales","robots":{"index":"index","follow":"follow","max-snippet":"max-snippet:-1","max-image-preview":"max-image-preview:large","max-video-preview":"max-video-preview:-1"},"canonical":"https:\/\/laondaradio.es\/canalnoticies\/taller-de-radio\/","og_locale":"es_ES","og_type":"article","og_title":"Taller de radio - Taller de Radio","og_description":"Talleres de radio para grupos, tres canales en streaming, automatizaci\u00f3n de emisiones, publicidad en radio, noticias locales y tus peticiones musicales","og_url":"https:\/\/laondaradio.es\/canalnoticies\/taller-de-radio\/","og_site_name":"Taller de Radio","article_publisher":"https:\/\/www.facebook.com\/Tallerderadio\/","article_modified_time":"2024-06-30T16:37:49+00:00","twitter_card":"summary_large_image","twitter_site":"@tallerderadio","twitter_misc":{"Tiempo de lectura":"1 minuto"},"schema":{"@context":"https:\/\/schema.org","@graph":[{"@type":"WebPage","@id":"https:\/\/laondaradio.es\/canalnoticies\/taller-de-radio\/","url":"https:\/\/laondaradio.es\/canalnoticies\/taller-de-radio\/","name":"Taller de radio - Taller de Radio","isPartOf":{"@id":"https:\/\/laondaradio.es\/canalnoticies\/#website"},"datePublished":"2022-12-07T18:23:23+00:00","dateModified":"2024-06-30T16:37:49+00:00","description":"Talleres de radio para grupos, tres canales en streaming, automatizaci\u00f3n de emisiones, publicidad en radio, noticias locales y tus peticiones musicales","breadcrumb":{"@id":"https:\/\/laondaradio.es\/canalnoticies\/taller-de-radio\/#breadcrumb"},"inLanguage":"es","potentialAction":[{"@type":"ReadAction","target":["https:\/\/laondaradio.es\/canalnoticies\/taller-de-radio\/"]}]},{"@type":"BreadcrumbList","@id":"https:\/\/laondaradio.es\/canalnoticies\/taller-de-radio\/#breadcrumb","itemListElement":[{"@type":"ListItem","position":1,"name":"Portada","item":"https:\/\/laondaradio.es\/canalnoticies\/"},{"@type":"ListItem","position":2,"name":"Taller de radio"}]},{"@type":"WebSite","@id":"https:\/\/laondaradio.es\/canalnoticies\/#website","url":"https:\/\/laondaradio.es\/canalnoticies\/","name":"Taller de Radio","description":"M\u00fasica, noticias y tu participaci\u00f3n","publisher":{"@id":"https:\/\/laondaradio.es\/canalnoticies\/#organization"},"potentialAction":[{"@type":"SearchAction","target":{"@type":"EntryPoint","urlTemplate":"https:\/\/laondaradio.es\/canalnoticies\/?s={search_term_string}"},"query-input":{"@type":"PropertyValueSpecification","valueRequired":true,"valueName":"search_term_string"}}],"inLanguage":"es"},{"@type":"Organization","@id":"https:\/\/laondaradio.es\/canalnoticies\/#organization","name":"Taller de radio","url":"https:\/\/laondaradio.es\/canalnoticies\/","logo":{"@type":"ImageObject","inLanguage":"es","@id":"https:\/\/laondaradio.es\/canalnoticies\/#\/schema\/logo\/image\/","url":"https:\/\/laondaradio.es\/canalnoticies\/wp-content\/uploads\/2023\/03\/logoTallerDeRadio.jpg","contentUrl":"https:\/\/laondaradio.es\/canalnoticies\/wp-content\/uploads\/2023\/03\/logoTallerDeRadio.jpg","width":400,"height":400,"caption":"Taller de radio"},"image":{"@id":"https:\/\/laondaradio.es\/canalnoticies\/#\/schema\/logo\/image\/"},"sameAs":["https:\/\/www.facebook.com\/Tallerderadio\/","https:\/\/x.com\/tallerderadio","https:\/\/www.instagram.com\/javierlaonda2\/","https:\/\/www.youtube.com\/channel\/UCZjliqFj7QUxWM1kWynLJrA"]}]}},"jetpack_sharing_enabled":true,"_links":{"self":[{"href":"https:\/\/laondaradio.es\/canalnoticies\/wp-json\/wp\/v2\/pages\/30","targetHints":{"allow":["GET"]}}],"collection":[{"href":"https:\/\/laondaradio.es\/canalnoticies\/wp-json\/wp\/v2\/pages"}],"about":[{"href":"https:\/\/laondaradio.es\/canalnoticies\/wp-json\/wp\/v2\/types\/page"}],"author":[{"embeddable":true,"href":"https:\/\/laondaradio.es\/canalnoticies\/wp-json\/wp\/v2\/users\/1"}],"replies":[{"embeddable":true,"href":"https:\/\/laondaradio.es\/canalnoticies\/wp-json\/wp\/v2\/comments?post=30"}],"version-history":[{"count":48,"href":"https:\/\/laondaradio.es\/canalnoticies\/wp-json\/wp\/v2\/pages\/30\/revisions"}],"predecessor-version":[{"id":1603,"href":"https:\/\/laondaradio.es\/canalnoticies\/wp-json\/wp\/v2\/pages\/30\/revisions\/1603"}],"wp:attachment":[{"href":"https:\/\/laondaradio.es\/canalnoticies\/wp-json\/wp\/v2\/media?parent=30"}],"curies":[{"name":"wp","href":"https:\/\/api.w.org\/{rel}","templated":true}]}}